{"id":149,"date":"2018-05-16T11:24:29","date_gmt":"2018-05-16T15:24:29","guid":{"rendered":"http:\/\/tat.lesaintdev.com\/?page_id=149"},"modified":"2018-07-25T11:19:20","modified_gmt":"2018-07-25T15:19:20","slug":"services-regionalises","status":"publish","type":"page","link":"https:\/\/rapportannuel.tat.gouv.qc.ca\/2017-2018\/services-regionalises\/","title":{"rendered":"Services r\u00e9gionalis\u00e9s"},"content":{"rendered":"<p>Gr\u00e2ce \u00e0 ses bureaux r\u00e9partis \u00e0 travers le Qu\u00e9bec, le Tribunal facilite l\u2019acc\u00e8s \u00e0 ses services. Le tableau\u00a04 indique que 79,9\u00a0% du personnel du Tribunal est affect\u00e9 au service direct aux citoyens et rel\u00e8ve de la Vice-pr\u00e9sidence de la division de la sant\u00e9 et de la s\u00e9curit\u00e9 du travail (SST) et de la Vice-pr\u00e9sidence des divisions des relations du travail, des services essentiels, et de la construction et de la qualification professionnelle (RT).<\/p>\n<p>Tableau 4<br \/>\n<strong>Postes affect\u00e9s au service direct aux citoyens<\/strong><\/p>\n<table style=\"border-collapse: collapse; width: 100%;\" border=\"1\">\n<tfoot>\n<tr>\n<td style=\"width: 33.3333%;\">Total<\/td>\n<td style=\"width: 33.3333%; text-align: center;\">421,5<\/td>\n<td style=\"width: 33.3333%; text-align: center;\">79,9 %<\/td>\n<\/tr>\n<\/tfoot>\n<thead>\n<tr>\n<td style=\"width: 33.3333%;\">Unit\u00e9s administratives<\/td>\n<td style=\"width: 33.3333%; text-align: center;\">Nombre de postes<\/td>\n<td style=\"width: 33.3333%; text-align: center;\">Pourcentage de l&rsquo;effectif global<br \/>\n(527,5 ETC)<\/td>\n<\/tr>\n<\/thead>\n<tbody>\n<tr>\n<td style=\"width: 33.3333%;\">Vice-pr\u00e9sidence SST et<br \/>\nVice-pr\u00e9sidence RT<\/td>\n<td style=\"width: 33.3333%; text-align: center;\">14<\/td>\n<td style=\"width: 33.3333%; text-align: center;\">2,7 %<\/td>\n<\/tr>\n<tr>\n<td style=\"width: 33.3333%;\">\u00c9quipe de rel\u00e8ve SST<\/td>\n<td style=\"width: 33.3333%; text-align: center;\">7<\/td>\n<td style=\"width: 33.3333%; text-align: center;\">1,3 %<\/td>\n<\/tr>\n<tr>\n<td style=\"width: 33.3333%;\">Abitibi-T\u00e9miscamingue<\/td>\n<td style=\"width: 33.3333%; text-align: center;\">7<\/td>\n<td style=\"width: 33.3333%; text-align: center;\">1,3 %<\/td>\n<\/tr>\n<tr>\n<td style=\"width: 33.3333%;\">Chaudi\u00e8re-Appalaches<\/td>\n<td style=\"width: 33.3333%; text-align: center;\">20<\/td>\n<td style=\"width: 33.3333%; text-align: center;\">3,8 %<\/td>\n<\/tr>\n<tr>\n<td style=\"width: 33.3333%;\">Estrie<\/td>\n<td style=\"width: 33.3333%; text-align: center;\">11<\/td>\n<td style=\"width: 33.3333%; text-align: center;\">2,1 %<\/td>\n<\/tr>\n<tr>\n<td style=\"width: 33.3333%;\">Gasp\u00e9sie\u2013\u00celes-de-la-Madeleine, Bas-Saint-Laurent et C\u00f4te-Nord<\/td>\n<td style=\"width: 33.3333%; text-align: center;\">17,5<\/td>\n<td style=\"width: 33.3333%; text-align: center;\">3,3 %<\/td>\n<\/tr>\n<tr>\n<td style=\"width: 33.3333%;\">Lanaudi\u00e8re<\/td>\n<td style=\"width: 33.3333%; text-align: center;\">24<\/td>\n<td style=\"width: 33.3333%; text-align: center;\">4,5 %<\/td>\n<\/tr>\n<tr>\n<td style=\"width: 33.3333%;\">Laurentides<\/td>\n<td style=\"width: 33.3333%; text-align: center;\">21<\/td>\n<td style=\"width: 33.3333%; text-align: center;\">4 %<\/td>\n<\/tr>\n<tr>\n<td style=\"width: 33.3333%;\">Laval<\/td>\n<td style=\"width: 33.3333%; text-align: center;\">15<\/td>\n<td style=\"width: 33.3333%; text-align: center;\">2,8 %<\/td>\n<\/tr>\n<tr>\n<td style=\"width: 33.3333%;\">Mauricie et Centre-du-Qu\u00e9bec<\/td>\n<td style=\"width: 33.3333%; text-align: center;\">18<\/td>\n<td style=\"width: 33.3333%; text-align: center;\">3,4 %<\/td>\n<\/tr>\n<tr>\n<td style=\"width: 33.3333%;\">Mont\u00e9r\u00e9gie<\/td>\n<td style=\"width: 33.3333%; text-align: center;\">23<\/td>\n<td style=\"width: 33.3333%; text-align: center;\">4,4 %<\/td>\n<\/tr>\n<tr>\n<td style=\"width: 33.3333%;\">Montr\u00e9al*<\/td>\n<td style=\"width: 33.3333%; text-align: center;\">134<\/td>\n<td style=\"width: 33.3333%; text-align: center;\">25,4 %<\/td>\n<\/tr>\n<tr>\n<td style=\"width: 33.3333%;\">Outaouais<\/td>\n<td style=\"width: 33.3333%; text-align: center;\">7<\/td>\n<td style=\"width: 33.3333%; text-align: center;\">1,3 %<\/td>\n<\/tr>\n<tr>\n<td style=\"width: 33.3333%;\">Qu\u00e9bec*<\/td>\n<td style=\"width: 33.3333%; text-align: center;\">57<\/td>\n<td style=\"width: 33.3333%; text-align: center;\">10,8 %<\/td>\n<\/tr>\n<tr>\n<td style=\"width: 33.3333%;\">Richelieu-Salaberry<\/td>\n<td style=\"width: 33.3333%; text-align: center;\">21<\/td>\n<td style=\"width: 33.3333%; text-align: center;\">4 %<\/td>\n<\/tr>\n<tr>\n<td style=\"width: 33.3333%;\">Saguenay\u2013Lac-Saint-Jean<\/td>\n<td style=\"width: 33.3333%; text-align: center;\">9<\/td>\n<td style=\"width: 33.3333%; text-align: center;\">1,7 %<\/td>\n<\/tr>\n<tr>\n<td style=\"width: 33.3333%;\">Yamaska<\/td>\n<td style=\"width: 33.3333%; text-align: center;\">16<\/td>\n<td style=\"width: 33.3333%; text-align: center;\">3 %<\/td>\n<\/tr>\n<\/tbody>\n<\/table>\n<p>* Bien qu\u2019ils soient affect\u00e9s aux bureaux de Montr\u00e9al ou de Qu\u00e9bec, les 39 juges administratifs et 26 conciliateurs et agents de relations du travail de la division des relations du travail se d\u00e9placent dans toutes les r\u00e9gions o\u00f9 leurs services sont requis.<\/p>\n","protected":false},"excerpt":{"rendered":"<p>Gr\u00e2ce \u00e0 ses bureaux r\u00e9partis \u00e0 travers le Qu\u00e9bec, le Tribunal facilite l\u2019acc\u00e8s \u00e0 ses services. Le tableau\u00a04 indique que 79,9\u00a0% du personnel du Tribunal est affect\u00e9 au service direct aux citoyens et rel\u00e8ve de la Vice-pr\u00e9sidence de la division de la sant\u00e9 et de la s\u00e9curit\u00e9 du travail (SST) et de la Vice-pr\u00e9sidence des [&hellip;]<\/p>\n","protected":false},"author":2,"featured_media":0,"parent":0,"menu_order":0,"comment_status":"closed","ping_status":"closed","template":"","meta":[],"yoast_head":"<!-- This site is optimized with the Yoast SEO plugin v18.3 - https:\/\/yoast.com\/wordpress\/plugins\/seo\/ -->\n<title>Services r\u00e9gionalis\u00e9s - TAT - Rapport annuel de gestion 2017-2018<\/title>\n<meta name=\"robots\" content=\"index, follow, max-snippet:-1, max-image-preview:large, max-video-preview:-1\" \/>\n<link rel=\"canonical\" href=\"https:\/\/rapportannuel.tat.gouv.qc.ca\/2017-2018\/services-regionalises\/\" \/>\n<meta property=\"og:locale\" content=\"fr_FR\" \/>\n<meta property=\"og:type\" content=\"article\" \/>\n<meta property=\"og:title\" content=\"Services r\u00e9gionalis\u00e9s - TAT - Rapport annuel de gestion 2017-2018\" \/>\n<meta property=\"og:description\" content=\"Gr\u00e2ce \u00e0 ses bureaux r\u00e9partis \u00e0 travers le Qu\u00e9bec, le Tribunal facilite l\u2019acc\u00e8s \u00e0 ses services. Le tableau\u00a04 indique que 79,9\u00a0% du personnel du Tribunal est affect\u00e9 au service direct aux citoyens et rel\u00e8ve de la Vice-pr\u00e9sidence de la division de la sant\u00e9 et de la s\u00e9curit\u00e9 du travail (SST) et de la Vice-pr\u00e9sidence des [&hellip;]\" \/>\n<meta property=\"og:url\" content=\"https:\/\/rapportannuel.tat.gouv.qc.ca\/2017-2018\/services-regionalises\/\" \/>\n<meta property=\"og:site_name\" content=\"TAT - Rapport annuel de gestion 2017-2018\" \/>\n<meta property=\"article:modified_time\" content=\"2018-07-25T15:19:20+00:00\" \/>\n<meta name=\"twitter:card\" content=\"summary_large_image\" \/>\n<meta name=\"twitter:label1\" content=\"Dur\u00e9e de lecture estim\u00e9e\" \/>\n\t<meta name=\"twitter:data1\" content=\"1 minute\" \/>\n<script type=\"application\/ld+json\" class=\"yoast-schema-graph\">{\"@context\":\"https:\/\/schema.org\",\"@graph\":[{\"@type\":\"WebSite\",\"@id\":\"https:\/\/rapportannuel.tat.gouv.qc.ca\/2017-2018\/#website\",\"url\":\"https:\/\/rapportannuel.tat.gouv.qc.ca\/2017-2018\/\",\"name\":\"TAT - Rapport annuel de gestion 2017-2018\",\"description\":\"Rapport annuel de gestion 2017-2018\",\"potentialAction\":[{\"@type\":\"SearchAction\",\"target\":{\"@type\":\"EntryPoint\",\"urlTemplate\":\"https:\/\/rapportannuel.tat.gouv.qc.ca\/2017-2018\/?s={search_term_string}\"},\"query-input\":\"required name=search_term_string\"}],\"inLanguage\":\"fr-FR\"},{\"@type\":\"WebPage\",\"@id\":\"https:\/\/rapportannuel.tat.gouv.qc.ca\/2017-2018\/services-regionalises\/#webpage\",\"url\":\"https:\/\/rapportannuel.tat.gouv.qc.ca\/2017-2018\/services-regionalises\/\",\"name\":\"Services r\u00e9gionalis\u00e9s - TAT - Rapport annuel de gestion 2017-2018\",\"isPartOf\":{\"@id\":\"https:\/\/rapportannuel.tat.gouv.qc.ca\/2017-2018\/#website\"},\"datePublished\":\"2018-05-16T15:24:29+00:00\",\"dateModified\":\"2018-07-25T15:19:20+00:00\",\"breadcrumb\":{\"@id\":\"https:\/\/rapportannuel.tat.gouv.qc.ca\/2017-2018\/services-regionalises\/#breadcrumb\"},\"inLanguage\":\"fr-FR\",\"potentialAction\":[{\"@type\":\"ReadAction\",\"target\":[\"https:\/\/rapportannuel.tat.gouv.qc.ca\/2017-2018\/services-regionalises\/\"]}]},{\"@type\":\"BreadcrumbList\",\"@id\":\"https:\/\/rapportannuel.tat.gouv.qc.ca\/2017-2018\/services-regionalises\/#breadcrumb\",\"itemListElement\":[{\"@type\":\"ListItem\",\"position\":1,\"name\":\"Accueil\",\"item\":\"https:\/\/rapportannuel.tat.gouv.qc.ca\/2017-2018\/\"},{\"@type\":\"ListItem\",\"position\":2,\"name\":\"Services r\u00e9gionalis\u00e9s\"}]}]}<\/script>\n<!-- \/ Yoast SEO plugin. -->","yoast_head_json":{"title":"Services r\u00e9gionalis\u00e9s - TAT - Rapport annuel de gestion 2017-2018","robots":{"index":"index","follow":"follow","max-snippet":"max-snippet:-1","max-image-preview":"max-image-preview:large","max-video-preview":"max-video-preview:-1"},"canonical":"https:\/\/rapportannuel.tat.gouv.qc.ca\/2017-2018\/services-regionalises\/","og_locale":"fr_FR","og_type":"article","og_title":"Services r\u00e9gionalis\u00e9s - TAT - Rapport annuel de gestion 2017-2018","og_description":"Gr\u00e2ce \u00e0 ses bureaux r\u00e9partis \u00e0 travers le Qu\u00e9bec, le Tribunal facilite l\u2019acc\u00e8s \u00e0 ses services. Le tableau\u00a04 indique que 79,9\u00a0% du personnel du Tribunal est affect\u00e9 au service direct aux citoyens et rel\u00e8ve de la Vice-pr\u00e9sidence de la division de la sant\u00e9 et de la s\u00e9curit\u00e9 du travail (SST) et de la Vice-pr\u00e9sidence des [&hellip;]","og_url":"https:\/\/rapportannuel.tat.gouv.qc.ca\/2017-2018\/services-regionalises\/","og_site_name":"TAT - Rapport annuel de gestion 2017-2018","article_modified_time":"2018-07-25T15:19:20+00:00","twitter_card":"summary_large_image","twitter_misc":{"Dur\u00e9e de lecture estim\u00e9e":"1 minute"},"schema":{"@context":"https:\/\/schema.org","@graph":[{"@type":"WebSite","@id":"https:\/\/rapportannuel.tat.gouv.qc.ca\/2017-2018\/#website","url":"https:\/\/rapportannuel.tat.gouv.qc.ca\/2017-2018\/","name":"TAT - Rapport annuel de gestion 2017-2018","description":"Rapport annuel de gestion 2017-2018","potentialAction":[{"@type":"SearchAction","target":{"@type":"EntryPoint","urlTemplate":"https:\/\/rapportannuel.tat.gouv.qc.ca\/2017-2018\/?s={search_term_string}"},"query-input":"required name=search_term_string"}],"inLanguage":"fr-FR"},{"@type":"WebPage","@id":"https:\/\/rapportannuel.tat.gouv.qc.ca\/2017-2018\/services-regionalises\/#webpage","url":"https:\/\/rapportannuel.tat.gouv.qc.ca\/2017-2018\/services-regionalises\/","name":"Services r\u00e9gionalis\u00e9s - TAT - Rapport annuel de gestion 2017-2018","isPartOf":{"@id":"https:\/\/rapportannuel.tat.gouv.qc.ca\/2017-2018\/#website"},"datePublished":"2018-05-16T15:24:29+00:00","dateModified":"2018-07-25T15:19:20+00:00","breadcrumb":{"@id":"https:\/\/rapportannuel.tat.gouv.qc.ca\/2017-2018\/services-regionalises\/#breadcrumb"},"inLanguage":"fr-FR","potentialAction":[{"@type":"ReadAction","target":["https:\/\/rapportannuel.tat.gouv.qc.ca\/2017-2018\/services-regionalises\/"]}]},{"@type":"BreadcrumbList","@id":"https:\/\/rapportannuel.tat.gouv.qc.ca\/2017-2018\/services-regionalises\/#breadcrumb","itemListElement":[{"@type":"ListItem","position":1,"name":"Accueil","item":"https:\/\/rapportannuel.tat.gouv.qc.ca\/2017-2018\/"},{"@type":"ListItem","position":2,"name":"Services r\u00e9gionalis\u00e9s"}]}]}},"acf":[],"_links":{"self":[{"href":"https:\/\/rapportannuel.tat.gouv.qc.ca\/2017-2018\/wp-json\/wp\/v2\/pages\/149"}],"collection":[{"href":"https:\/\/rapportannuel.tat.gouv.qc.ca\/2017-2018\/wp-json\/wp\/v2\/pages"}],"about":[{"href":"https:\/\/rapportannuel.tat.gouv.qc.ca\/2017-2018\/wp-json\/wp\/v2\/types\/page"}],"author":[{"embeddable":true,"href":"https:\/\/rapportannuel.tat.gouv.qc.ca\/2017-2018\/wp-json\/wp\/v2\/users\/2"}],"replies":[{"embeddable":true,"href":"https:\/\/rapportannuel.tat.gouv.qc.ca\/2017-2018\/wp-json\/wp\/v2\/comments?post=149"}],"version-history":[{"count":11,"href":"https:\/\/rapportannuel.tat.gouv.qc.ca\/2017-2018\/wp-json\/wp\/v2\/pages\/149\/revisions"}],"predecessor-version":[{"id":561,"href":"https:\/\/rapportannuel.tat.gouv.qc.ca\/2017-2018\/wp-json\/wp\/v2\/pages\/149\/revisions\/561"}],"wp:attachment":[{"href":"https:\/\/rapportannuel.tat.gouv.qc.ca\/2017-2018\/wp-json\/wp\/v2\/media?parent=149"}],"curies":[{"name":"wp","href":"https:\/\/api.w.org\/{rel}","templated":true}]}}