{"id":179,"date":"2018-05-16T14:19:59","date_gmt":"2018-05-16T18:19:59","guid":{"rendered":"http:\/\/tat.lesaintdev.com\/?page_id=179"},"modified":"2018-11-05T16:49:14","modified_gmt":"2018-11-05T21:49:14","slug":"ressources-humaines","status":"publish","type":"page","link":"https:\/\/rapportannuel.tat.gouv.qc.ca\/2017-2018\/ressources-humaines\/","title":{"rendered":"Ressources humaines"},"content":{"rendered":"<p>L\u2019effectif autoris\u00e9 au Tribunal administratif du travail pour l&rsquo;exercice 2017-2018\u00a0\u00e9tait de 527,5\u00a0postes \u00e0 temps complet.<\/p>\n<p>Le tableau\u00a01 pr\u00e9sente la r\u00e9partition des postes au sein du Tribunal, par cat\u00e9gorie d\u2019emploi, au 31\u00a0mars\u00a02018. Les membres r\u00e9f\u00e8rent aux juges administratifs, alors que les dirigeants incluent la pr\u00e9sidente et trois vice-pr\u00e9sidents, lesquels sont \u00e9galement juges administratifs. Ensemble, ils repr\u00e9sentent 157\u00a0postes de l\u2019effectif r\u00e9gulier. Ils sont nomm\u00e9s par le gouvernement apr\u00e8s consultation du Comit\u00e9 consultatif du travail et de la main-d\u2019\u0153uvre.<\/p>\n<p>Le groupe des professionnels est compos\u00e9 de 76\u00a0conciliateurs et agents de relations du travail, de 17\u00a0m\u00e9decins assesseurs, de 16\u00a0avocats et de 45 autres professionnels en droit, en communication, en biblioth\u00e9conomie, en gestion documentaire et en gestion des ressources humaines, financi\u00e8res, informationnelles et mat\u00e9rielles.<\/p>\n<p>Tableau 1<br \/>\n<strong>R\u00e9partition des postes au sein du Tribunal, par cat\u00e9gorie d&#8217;emploi, au 31 mars 2018<\/strong><\/p>\n<table style=\"border-collapse: collapse; width: 100%;\" border=\"1\">\n<tfoot>\n<tr style=\"height: 35px;\">\n<td style=\"width: 7.09318%; height: 35px;\">Total<\/td>\n<td style=\"width: 7.85815%; height: 35px; text-align: center;\">527,5<\/td>\n<\/tr>\n<\/tfoot>\n<thead>\n<tr style=\"height: 34px;\">\n<td style=\"width: 7.09318%; height: 34px;\">Cat\u00e9gories d&#8217;emploi<\/td>\n<td style=\"width: 7.85815%; height: 34px; text-align: center;\">Nombre de postes<\/td>\n<\/tr>\n<\/thead>\n<tbody>\n<tr style=\"height: 34px;\">\n<td style=\"width: 7.09318%; height: 34px;\">Membres et dirigeants<\/td>\n<td style=\"width: 7.85815%; height: 34px; text-align: center;\">157<\/td>\n<\/tr>\n<tr style=\"height: 34px;\">\n<td style=\"width: 7.09318%; height: 34px;\">Personnel d&rsquo;encadrement<\/td>\n<td style=\"width: 7.85815%; height: 34px; text-align: center;\">14<\/td>\n<\/tr>\n<tr style=\"height: 34px;\">\n<td style=\"width: 7.09318%; height: 34px;\">Professionnels<\/td>\n<td style=\"width: 7.85815%; height: 34px; text-align: center;\">154<\/td>\n<\/tr>\n<tr style=\"height: 34px;\">\n<td style=\"width: 7.09318%; height: 34px;\">Personnel ouvrier, technique et de bureau<\/td>\n<td style=\"width: 7.85815%; height: 34px; text-align: center;\">202,5<\/td>\n<\/tr>\n<\/tbody>\n<\/table>\n<p>&nbsp;<\/p>\n<p>Le tableau suivant pr\u00e9sente l&rsquo;effectif en poste par secteur d&rsquo;activit\u00e9, soit le nombre de personnes qui occupent un poste permanent ou occasionnel, \u00e0 l&rsquo;exception des \u00e9tudiants et des stagiaires.<\/p>\n<p>Tableau 2<br \/>\n<strong>Effectif en poste par secteur d&rsquo;activit\u00e9 au 31 mars 2018<\/strong><\/p>\n<table style=\"border-collapse: collapse; width: 100%;\" border=\"1\">\n<tfoot>\n<tr>\n<td style=\"width: 54.6281%;\">Total<\/td>\n<td style=\"width: 45.3719%; text-align: center;\">508<\/td>\n<\/tr>\n<\/tfoot>\n<thead>\n<tr>\n<td style=\"width: 54.6281%;\">Secteurs d&rsquo;activit\u00e9<\/td>\n<td style=\"width: 45.3719%; text-align: center;\">Effectif en poste<\/td>\n<\/tr>\n<\/thead>\n<tbody>\n<tr>\n<td style=\"width: 54.6281%;\">Administration<\/td>\n<td style=\"width: 45.3719%; text-align: center;\">73<\/td>\n<\/tr>\n<tr>\n<td style=\"width: 54.6281%;\">Division de la sant\u00e9 et de la s\u00e9curit\u00e9 du travail<\/td>\n<td style=\"width: 45.3719%; text-align: center;\">298<\/td>\n<\/tr>\n<tr>\n<td style=\"width: 54.6281%;\">Divisions des relations du travail, des services essentiels, et de la construction et de la qualification professionnelle<\/td>\n<td style=\"width: 45.3719%; text-align: center;\">107<\/td>\n<\/tr>\n<tr>\n<td style=\"width: 54.6281%;\">Vice-pr\u00e9sidence de la qualit\u00e9 et de la coh\u00e9rence<\/td>\n<td style=\"width: 45.3719%; text-align: center;\">30<\/td>\n<\/tr>\n<\/tbody>\n<\/table>\n<p>&nbsp;<\/p>\n<p>Le tableau 3 porte sur le total des heures r\u00e9mun\u00e9r\u00e9es du personnel permanent et du personnel occasionnel, excluant les \u00e9tudiants et les stagiaires. Le total inclut les heures r\u00e9guli\u00e8res et les heures suppl\u00e9mentaires.<\/p>\n<p>Quant au total en \u00e9quivalents temps complet (ETC) transpos\u00e9s, il s&rsquo;agit du nombre total d&rsquo;heures r\u00e9mun\u00e9r\u00e9es converti en ETC. Un employ\u00e9 \u00e0 35 heures par semaine, soit 1 826,3 heures par ann\u00e9e, \u00e9quivaut \u00e0 1 ETC.<\/p>\n<p>Tableau 3<br \/>\n<strong>Heures r\u00e9mun\u00e9r\u00e9es par secteur d&rsquo;activit\u00e9 en 2017-2018<\/strong><\/p>\n<table style=\"border-collapse: collapse; width: 100%;\" border=\"1\">\n<tfoot>\n<tr style=\"height: 33px;\">\n<td style=\"width: 50%; height: 33px;\">Total en heures r\u00e9mun\u00e9r\u00e9es<\/td>\n<td style=\"width: 50%; text-align: center; height: 33px;\">899 491,4 heures<\/td>\n<\/tr>\n<tr style=\"height: 35px;\">\n<td style=\"width: 50%; text-align: left; height: 35px;\">Total en ETC transpos\u00e9s<\/td>\n<td style=\"width: 50%; text-align: center; height: 35px;\">492,5 ETC<\/td>\n<\/tr>\n<\/tfoot>\n<thead>\n<tr style=\"height: 33px;\">\n<td style=\"width: 50%; height: 33px;\">Secteurs d&rsquo;activit\u00e9<\/td>\n<td style=\"width: 50%; text-align: center; height: 33px;\">Heures r\u00e9mun\u00e9r\u00e9es<\/td>\n<\/tr>\n<\/thead>\n<tbody>\n<tr style=\"height: 33px;\">\n<td style=\"width: 50%; height: 33px;\">Administration<\/td>\n<td style=\"width: 50%; text-align: center; height: 33px;\">137 003<\/td>\n<\/tr>\n<tr style=\"height: 33px;\">\n<td style=\"width: 50%; height: 33px;\">Division de la sant\u00e9 et de la s\u00e9curit\u00e9 du travail<\/td>\n<td style=\"width: 50%; text-align: center; height: 33px;\">515 158,1<\/td>\n<\/tr>\n<tr style=\"height: 48px;\">\n<td style=\"width: 50%; height: 48px;\">Divisions des relations du travail, des services essentiels, et de la construction et de la qualification professionnelle<\/td>\n<td style=\"width: 50%; text-align: center; height: 48px;\">194 354,9<\/td>\n<\/tr>\n<tr style=\"height: 33px;\">\n<td style=\"width: 50%; height: 33px;\">Vice-pr\u00e9sidence de la qualit\u00e9 et de la coh\u00e9rence<\/td>\n<td style=\"width: 50%; text-align: center; height: 33px;\">52 975,4<\/td>\n<\/tr>\n<\/tbody>\n<\/table>\n<p>&nbsp;<\/p>\n","protected":false},"excerpt":{"rendered":"<p>L\u2019effectif autoris\u00e9 au Tribunal administratif du travail pour l&rsquo;exercice 2017-2018\u00a0\u00e9tait de 527,5\u00a0postes \u00e0 temps complet. Le tableau\u00a01 pr\u00e9sente la r\u00e9partition des postes au sein du Tribunal, par cat\u00e9gorie d\u2019emploi, au 31\u00a0mars\u00a02018. Les membres r\u00e9f\u00e8rent aux juges administratifs, alors que les dirigeants incluent la pr\u00e9sidente et trois vice-pr\u00e9sidents, lesquels sont \u00e9galement juges administratifs. Ensemble, ils repr\u00e9sentent [&hellip;]<\/p>\n","protected":false},"author":2,"featured_media":220,"parent":0,"menu_order":0,"comment_status":"closed","ping_status":"closed","template":"","meta":[],"yoast_head":"<!-- This site is optimized with the Yoast SEO plugin v18.3 - https:\/\/yoast.com\/wordpress\/plugins\/seo\/ -->\n<title>Ressources humaines - TAT - Rapport annuel de gestion 2017-2018<\/title>\n<meta name=\"robots\" content=\"index, follow, max-snippet:-1, max-image-preview:large, max-video-preview:-1\" \/>\n<link rel=\"canonical\" href=\"https:\/\/rapportannuel.tat.gouv.qc.ca\/2017-2018\/ressources-humaines\/\" \/>\n<meta property=\"og:locale\" content=\"fr_FR\" \/>\n<meta property=\"og:type\" content=\"article\" \/>\n<meta property=\"og:title\" content=\"Ressources humaines - TAT - Rapport annuel de gestion 2017-2018\" \/>\n<meta property=\"og:description\" content=\"L\u2019effectif autoris\u00e9 au Tribunal administratif du travail pour l&rsquo;exercice 2017-2018\u00a0\u00e9tait de 527,5\u00a0postes \u00e0 temps complet. Le tableau\u00a01 pr\u00e9sente la r\u00e9partition des postes au sein du Tribunal, par cat\u00e9gorie d\u2019emploi, au 31\u00a0mars\u00a02018. Les membres r\u00e9f\u00e8rent aux juges administratifs, alors que les dirigeants incluent la pr\u00e9sidente et trois vice-pr\u00e9sidents, lesquels sont \u00e9galement juges administratifs. Ensemble, ils repr\u00e9sentent [&hellip;]\" \/>\n<meta property=\"og:url\" content=\"https:\/\/rapportannuel.tat.gouv.qc.ca\/2017-2018\/ressources-humaines\/\" \/>\n<meta property=\"og:site_name\" content=\"TAT - Rapport annuel de gestion 2017-2018\" \/>\n<meta property=\"article:modified_time\" content=\"2018-11-05T21:49:14+00:00\" \/>\n<meta property=\"og:image\" content=\"https:\/\/rapportannuel.tat.gouv.qc.ca\/2017-2018\/wp-content\/uploads\/sites\/5\/2018\/05\/homme-et-femme-e1527622858846.jpg\" \/>\n\t<meta property=\"og:image:width\" content=\"2042\" \/>\n\t<meta property=\"og:image:height\" content=\"1182\" \/>\n\t<meta property=\"og:image:type\" content=\"image\/jpeg\" \/>\n<meta name=\"twitter:card\" content=\"summary_large_image\" \/>\n<meta name=\"twitter:label1\" content=\"Dur\u00e9e de lecture estim\u00e9e\" \/>\n\t<meta name=\"twitter:data1\" content=\"2 minutes\" \/>\n<script type=\"application\/ld+json\" class=\"yoast-schema-graph\">{\"@context\":\"https:\/\/schema.org\",\"@graph\":[{\"@type\":\"WebSite\",\"@id\":\"https:\/\/rapportannuel.tat.gouv.qc.ca\/2017-2018\/#website\",\"url\":\"https:\/\/rapportannuel.tat.gouv.qc.ca\/2017-2018\/\",\"name\":\"TAT - Rapport annuel de gestion 2017-2018\",\"description\":\"Rapport annuel de gestion 2017-2018\",\"potentialAction\":[{\"@type\":\"SearchAction\",\"target\":{\"@type\":\"EntryPoint\",\"urlTemplate\":\"https:\/\/rapportannuel.tat.gouv.qc.ca\/2017-2018\/?s={search_term_string}\"},\"query-input\":\"required name=search_term_string\"}],\"inLanguage\":\"fr-FR\"},{\"@type\":\"ImageObject\",\"@id\":\"https:\/\/rapportannuel.tat.gouv.qc.ca\/2017-2018\/ressources-humaines\/#primaryimage\",\"inLanguage\":\"fr-FR\",\"url\":\"https:\/\/rapportannuel.tat.gouv.qc.ca\/2017-2018\/wp-content\/uploads\/sites\/5\/2018\/05\/homme-et-femme-e1527622858846.jpg\",\"contentUrl\":\"https:\/\/rapportannuel.tat.gouv.qc.ca\/2017-2018\/wp-content\/uploads\/sites\/5\/2018\/05\/homme-et-femme-e1527622858846.jpg\",\"width\":2042,\"height\":1182},{\"@type\":\"WebPage\",\"@id\":\"https:\/\/rapportannuel.tat.gouv.qc.ca\/2017-2018\/ressources-humaines\/#webpage\",\"url\":\"https:\/\/rapportannuel.tat.gouv.qc.ca\/2017-2018\/ressources-humaines\/\",\"name\":\"Ressources humaines - TAT - Rapport annuel de gestion 2017-2018\",\"isPartOf\":{\"@id\":\"https:\/\/rapportannuel.tat.gouv.qc.ca\/2017-2018\/#website\"},\"primaryImageOfPage\":{\"@id\":\"https:\/\/rapportannuel.tat.gouv.qc.ca\/2017-2018\/ressources-humaines\/#primaryimage\"},\"datePublished\":\"2018-05-16T18:19:59+00:00\",\"dateModified\":\"2018-11-05T21:49:14+00:00\",\"breadcrumb\":{\"@id\":\"https:\/\/rapportannuel.tat.gouv.qc.ca\/2017-2018\/ressources-humaines\/#breadcrumb\"},\"inLanguage\":\"fr-FR\",\"potentialAction\":[{\"@type\":\"ReadAction\",\"target\":[\"https:\/\/rapportannuel.tat.gouv.qc.ca\/2017-2018\/ressources-humaines\/\"]}]},{\"@type\":\"BreadcrumbList\",\"@id\":\"https:\/\/rapportannuel.tat.gouv.qc.ca\/2017-2018\/ressources-humaines\/#breadcrumb\",\"itemListElement\":[{\"@type\":\"ListItem\",\"position\":1,\"name\":\"Accueil\",\"item\":\"https:\/\/rapportannuel.tat.gouv.qc.ca\/2017-2018\/\"},{\"@type\":\"ListItem\",\"position\":2,\"name\":\"Ressources humaines\"}]}]}<\/script>\n<!-- \/ Yoast SEO plugin. -->","yoast_head_json":{"title":"Ressources humaines - TAT - Rapport annuel de gestion 2017-2018","robots":{"index":"index","follow":"follow","max-snippet":"max-snippet:-1","max-image-preview":"max-image-preview:large","max-video-preview":"max-video-preview:-1"},"canonical":"https:\/\/rapportannuel.tat.gouv.qc.ca\/2017-2018\/ressources-humaines\/","og_locale":"fr_FR","og_type":"article","og_title":"Ressources humaines - TAT - Rapport annuel de gestion 2017-2018","og_description":"L\u2019effectif autoris\u00e9 au Tribunal administratif du travail pour l&rsquo;exercice 2017-2018\u00a0\u00e9tait de 527,5\u00a0postes \u00e0 temps complet. Le tableau\u00a01 pr\u00e9sente la r\u00e9partition des postes au sein du Tribunal, par cat\u00e9gorie d\u2019emploi, au 31\u00a0mars\u00a02018. Les membres r\u00e9f\u00e8rent aux juges administratifs, alors que les dirigeants incluent la pr\u00e9sidente et trois vice-pr\u00e9sidents, lesquels sont \u00e9galement juges administratifs. Ensemble, ils repr\u00e9sentent [&hellip;]","og_url":"https:\/\/rapportannuel.tat.gouv.qc.ca\/2017-2018\/ressources-humaines\/","og_site_name":"TAT - Rapport annuel de gestion 2017-2018","article_modified_time":"2018-11-05T21:49:14+00:00","og_image":[{"width":2042,"height":1182,"url":"https:\/\/rapportannuel.tat.gouv.qc.ca\/2017-2018\/wp-content\/uploads\/sites\/5\/2018\/05\/homme-et-femme-e1527622858846.jpg","type":"image\/jpeg"}],"twitter_card":"summary_large_image","twitter_misc":{"Dur\u00e9e de lecture estim\u00e9e":"2 minutes"},"schema":{"@context":"https:\/\/schema.org","@graph":[{"@type":"WebSite","@id":"https:\/\/rapportannuel.tat.gouv.qc.ca\/2017-2018\/#website","url":"https:\/\/rapportannuel.tat.gouv.qc.ca\/2017-2018\/","name":"TAT - Rapport annuel de gestion 2017-2018","description":"Rapport annuel de gestion 2017-2018","potentialAction":[{"@type":"SearchAction","target":{"@type":"EntryPoint","urlTemplate":"https:\/\/rapportannuel.tat.gouv.qc.ca\/2017-2018\/?s={search_term_string}"},"query-input":"required name=search_term_string"}],"inLanguage":"fr-FR"},{"@type":"ImageObject","@id":"https:\/\/rapportannuel.tat.gouv.qc.ca\/2017-2018\/ressources-humaines\/#primaryimage","inLanguage":"fr-FR","url":"https:\/\/rapportannuel.tat.gouv.qc.ca\/2017-2018\/wp-content\/uploads\/sites\/5\/2018\/05\/homme-et-femme-e1527622858846.jpg","contentUrl":"https:\/\/rapportannuel.tat.gouv.qc.ca\/2017-2018\/wp-content\/uploads\/sites\/5\/2018\/05\/homme-et-femme-e1527622858846.jpg","width":2042,"height":1182},{"@type":"WebPage","@id":"https:\/\/rapportannuel.tat.gouv.qc.ca\/2017-2018\/ressources-humaines\/#webpage","url":"https:\/\/rapportannuel.tat.gouv.qc.ca\/2017-2018\/ressources-humaines\/","name":"Ressources humaines - TAT - Rapport annuel de gestion 2017-2018","isPartOf":{"@id":"https:\/\/rapportannuel.tat.gouv.qc.ca\/2017-2018\/#website"},"primaryImageOfPage":{"@id":"https:\/\/rapportannuel.tat.gouv.qc.ca\/2017-2018\/ressources-humaines\/#primaryimage"},"datePublished":"2018-05-16T18:19:59+00:00","dateModified":"2018-11-05T21:49:14+00:00","breadcrumb":{"@id":"https:\/\/rapportannuel.tat.gouv.qc.ca\/2017-2018\/ressources-humaines\/#breadcrumb"},"inLanguage":"fr-FR","potentialAction":[{"@type":"ReadAction","target":["https:\/\/rapportannuel.tat.gouv.qc.ca\/2017-2018\/ressources-humaines\/"]}]},{"@type":"BreadcrumbList","@id":"https:\/\/rapportannuel.tat.gouv.qc.ca\/2017-2018\/ressources-humaines\/#breadcrumb","itemListElement":[{"@type":"ListItem","position":1,"name":"Accueil","item":"https:\/\/rapportannuel.tat.gouv.qc.ca\/2017-2018\/"},{"@type":"ListItem","position":2,"name":"Ressources humaines"}]}]}},"acf":[],"_links":{"self":[{"href":"https:\/\/rapportannuel.tat.gouv.qc.ca\/2017-2018\/wp-json\/wp\/v2\/pages\/179"}],"collection":[{"href":"https:\/\/rapportannuel.tat.gouv.qc.ca\/2017-2018\/wp-json\/wp\/v2\/pages"}],"about":[{"href":"https:\/\/rapportannuel.tat.gouv.qc.ca\/2017-2018\/wp-json\/wp\/v2\/types\/page"}],"author":[{"embeddable":true,"href":"https:\/\/rapportannuel.tat.gouv.qc.ca\/2017-2018\/wp-json\/wp\/v2\/users\/2"}],"replies":[{"embeddable":true,"href":"https:\/\/rapportannuel.tat.gouv.qc.ca\/2017-2018\/wp-json\/wp\/v2\/comments?post=179"}],"version-history":[{"count":38,"href":"https:\/\/rapportannuel.tat.gouv.qc.ca\/2017-2018\/wp-json\/wp\/v2\/pages\/179\/revisions"}],"predecessor-version":[{"id":685,"href":"https:\/\/rapportannuel.tat.gouv.qc.ca\/2017-2018\/wp-json\/wp\/v2\/pages\/179\/revisions\/685"}],"wp:featuredmedia":[{"embeddable":true,"href":"https:\/\/rapportannuel.tat.gouv.qc.ca\/2017-2018\/wp-json\/wp\/v2\/media\/220"}],"wp:attachment":[{"href":"https:\/\/rapportannuel.tat.gouv.qc.ca\/2017-2018\/wp-json\/wp\/v2\/media?parent=179"}],"curies":[{"name":"wp","href":"https:\/\/api.w.org\/{rel}","templated":true}]}}