{"id":143,"date":"2018-05-16T10:46:23","date_gmt":"2018-05-16T14:46:23","guid":{"rendered":"http:\/\/tat.lesaintdev.com\/?page_id=143"},"modified":"2019-09-26T11:05:17","modified_gmt":"2019-09-26T15:05:17","slug":"declaration-de-fiabilite-des-donnees","status":"publish","type":"page","link":"https:\/\/rapportannuel.tat.gouv.qc.ca\/2018-2019\/declaration-de-fiabilite-des-donnees\/","title":{"rendered":"D\u00e9claration de fiabilit\u00e9 des donn\u00e9es"},"content":{"rendered":"<p>Les renseignements contenus dans le rapport annuel de gestion du Tribunal administratif du travail rel\u00e8vent de ma responsabilit\u00e9. Celle-ci porte sur l\u2019exactitude de l\u2019information pr\u00e9sent\u00e9e et sur la fiabilit\u00e9 des contr\u00f4les aff\u00e9rents.<\/p>\n<p>Ce rapport dresse le bilan des op\u00e9rations du Tribunal pour la p\u00e9riode du 1<sup>er<\/sup> avril 2018 au 31 mars 2019. Il pr\u00e9sente des donn\u00e9es exactes et fiables quant aux r\u00e9sultats atteints.<\/p>\n<p>Les membres du comit\u00e9 de direction se joignent \u00e0 moi pour approuver ce rapport.<\/p>\n<p>La pr\u00e9sidente,<\/p>\n<p><img loading=\"lazy\" class=\"alignnone size-full wp-image-851\" src=\"https:\/\/rapportannuel.tat.gouv.qc.ca\/2018-2019\/wp-content\/uploads\/sites\/6\/2019\/08\/signaturelucie-e1565899827898.jpg\" alt=\"\" width=\"215\" height=\"69\" \/><\/p>\n<p>Lucie Nadeau<\/p>\n","protected":false},"excerpt":{"rendered":"<p>Les renseignements contenus dans le rapport annuel de gestion du Tribunal administratif du travail rel\u00e8vent de ma responsabilit\u00e9. Celle-ci porte sur l\u2019exactitude de l\u2019information pr\u00e9sent\u00e9e et sur la fiabilit\u00e9 des contr\u00f4les aff\u00e9rents. Ce rapport dresse le bilan des op\u00e9rations du Tribunal pour la p\u00e9riode du 1er avril 2018 au 31 mars 2019. Il pr\u00e9sente des [&hellip;]<\/p>\n","protected":false},"author":2,"featured_media":0,"parent":0,"menu_order":0,"comment_status":"closed","ping_status":"closed","template":"","meta":[],"yoast_head":"<!-- This site is optimized with the Yoast SEO plugin v18.3 - https:\/\/yoast.com\/wordpress\/plugins\/seo\/ -->\n<title>D\u00e9claration de fiabilit\u00e9 des donn\u00e9es - TAT - Rapport annuel de gestion 2018-2019<\/title>\n<meta name=\"robots\" content=\"index, follow, max-snippet:-1, max-image-preview:large, max-video-preview:-1\" \/>\n<link rel=\"canonical\" href=\"https:\/\/rapportannuel.tat.gouv.qc.ca\/2018-2019\/declaration-de-fiabilite-des-donnees\/\" \/>\n<meta property=\"og:locale\" content=\"fr_FR\" \/>\n<meta property=\"og:type\" content=\"article\" \/>\n<meta property=\"og:title\" content=\"D\u00e9claration de fiabilit\u00e9 des donn\u00e9es - TAT - Rapport annuel de gestion 2018-2019\" \/>\n<meta property=\"og:description\" content=\"Les renseignements contenus dans le rapport annuel de gestion du Tribunal administratif du travail rel\u00e8vent de ma responsabilit\u00e9. Celle-ci porte sur l\u2019exactitude de l\u2019information pr\u00e9sent\u00e9e et sur la fiabilit\u00e9 des contr\u00f4les aff\u00e9rents. Ce rapport dresse le bilan des op\u00e9rations du Tribunal pour la p\u00e9riode du 1er avril 2018 au 31 mars 2019. Il pr\u00e9sente des [&hellip;]\" \/>\n<meta property=\"og:url\" content=\"https:\/\/rapportannuel.tat.gouv.qc.ca\/2018-2019\/declaration-de-fiabilite-des-donnees\/\" \/>\n<meta property=\"og:site_name\" content=\"TAT - Rapport annuel de gestion 2018-2019\" \/>\n<meta property=\"article:modified_time\" content=\"2019-09-26T15:05:17+00:00\" \/>\n<meta property=\"og:image\" content=\"https:\/\/rapportannuel.tat.gouv.qc.ca\/2018-2019\/wp-content\/uploads\/sites\/6\/2019\/08\/signaturelucie-e1565899827898.jpg\" \/>\n<meta name=\"twitter:card\" content=\"summary_large_image\" \/>\n<script type=\"application\/ld+json\" class=\"yoast-schema-graph\">{\"@context\":\"https:\/\/schema.org\",\"@graph\":[{\"@type\":\"WebSite\",\"@id\":\"https:\/\/rapportannuel.tat.gouv.qc.ca\/2018-2019\/#website\",\"url\":\"https:\/\/rapportannuel.tat.gouv.qc.ca\/2018-2019\/\",\"name\":\"TAT - Rapport annuel de gestion 2018-2019\",\"description\":\"Rapport annuel de gestion 2018-2019\",\"potentialAction\":[{\"@type\":\"SearchAction\",\"target\":{\"@type\":\"EntryPoint\",\"urlTemplate\":\"https:\/\/rapportannuel.tat.gouv.qc.ca\/2018-2019\/?s={search_term_string}\"},\"query-input\":\"required name=search_term_string\"}],\"inLanguage\":\"fr-FR\"},{\"@type\":\"ImageObject\",\"@id\":\"https:\/\/rapportannuel.tat.gouv.qc.ca\/2018-2019\/declaration-de-fiabilite-des-donnees\/#primaryimage\",\"inLanguage\":\"fr-FR\",\"url\":\"https:\/\/rapportannuel.tat.gouv.qc.ca\/2018-2019\/wp-content\/uploads\/sites\/6\/2019\/08\/signaturelucie-e1565899827898.jpg\",\"contentUrl\":\"https:\/\/rapportannuel.tat.gouv.qc.ca\/2018-2019\/wp-content\/uploads\/sites\/6\/2019\/08\/signaturelucie-e1565899827898.jpg\",\"width\":215,\"height\":69},{\"@type\":\"WebPage\",\"@id\":\"https:\/\/rapportannuel.tat.gouv.qc.ca\/2018-2019\/declaration-de-fiabilite-des-donnees\/#webpage\",\"url\":\"https:\/\/rapportannuel.tat.gouv.qc.ca\/2018-2019\/declaration-de-fiabilite-des-donnees\/\",\"name\":\"D\u00e9claration de fiabilit\u00e9 des donn\u00e9es - TAT - Rapport annuel de gestion 2018-2019\",\"isPartOf\":{\"@id\":\"https:\/\/rapportannuel.tat.gouv.qc.ca\/2018-2019\/#website\"},\"primaryImageOfPage\":{\"@id\":\"https:\/\/rapportannuel.tat.gouv.qc.ca\/2018-2019\/declaration-de-fiabilite-des-donnees\/#primaryimage\"},\"datePublished\":\"2018-05-16T14:46:23+00:00\",\"dateModified\":\"2019-09-26T15:05:17+00:00\",\"breadcrumb\":{\"@id\":\"https:\/\/rapportannuel.tat.gouv.qc.ca\/2018-2019\/declaration-de-fiabilite-des-donnees\/#breadcrumb\"},\"inLanguage\":\"fr-FR\",\"potentialAction\":[{\"@type\":\"ReadAction\",\"target\":[\"https:\/\/rapportannuel.tat.gouv.qc.ca\/2018-2019\/declaration-de-fiabilite-des-donnees\/\"]}]},{\"@type\":\"BreadcrumbList\",\"@id\":\"https:\/\/rapportannuel.tat.gouv.qc.ca\/2018-2019\/declaration-de-fiabilite-des-donnees\/#breadcrumb\",\"itemListElement\":[{\"@type\":\"ListItem\",\"position\":1,\"name\":\"Accueil\",\"item\":\"https:\/\/rapportannuel.tat.gouv.qc.ca\/2018-2019\/\"},{\"@type\":\"ListItem\",\"position\":2,\"name\":\"D\u00e9claration de fiabilit\u00e9 des donn\u00e9es\"}]}]}<\/script>\n<!-- \/ Yoast SEO plugin. -->","yoast_head_json":{"title":"D\u00e9claration de fiabilit\u00e9 des donn\u00e9es - TAT - Rapport annuel de gestion 2018-2019","robots":{"index":"index","follow":"follow","max-snippet":"max-snippet:-1","max-image-preview":"max-image-preview:large","max-video-preview":"max-video-preview:-1"},"canonical":"https:\/\/rapportannuel.tat.gouv.qc.ca\/2018-2019\/declaration-de-fiabilite-des-donnees\/","og_locale":"fr_FR","og_type":"article","og_title":"D\u00e9claration de fiabilit\u00e9 des donn\u00e9es - TAT - Rapport annuel de gestion 2018-2019","og_description":"Les renseignements contenus dans le rapport annuel de gestion du Tribunal administratif du travail rel\u00e8vent de ma responsabilit\u00e9. Celle-ci porte sur l\u2019exactitude de l\u2019information pr\u00e9sent\u00e9e et sur la fiabilit\u00e9 des contr\u00f4les aff\u00e9rents. Ce rapport dresse le bilan des op\u00e9rations du Tribunal pour la p\u00e9riode du 1er avril 2018 au 31 mars 2019. Il pr\u00e9sente des [&hellip;]","og_url":"https:\/\/rapportannuel.tat.gouv.qc.ca\/2018-2019\/declaration-de-fiabilite-des-donnees\/","og_site_name":"TAT - Rapport annuel de gestion 2018-2019","article_modified_time":"2019-09-26T15:05:17+00:00","og_image":[{"url":"https:\/\/rapportannuel.tat.gouv.qc.ca\/2018-2019\/wp-content\/uploads\/sites\/6\/2019\/08\/signaturelucie-e1565899827898.jpg"}],"twitter_card":"summary_large_image","schema":{"@context":"https:\/\/schema.org","@graph":[{"@type":"WebSite","@id":"https:\/\/rapportannuel.tat.gouv.qc.ca\/2018-2019\/#website","url":"https:\/\/rapportannuel.tat.gouv.qc.ca\/2018-2019\/","name":"TAT - Rapport annuel de gestion 2018-2019","description":"Rapport annuel de gestion 2018-2019","potentialAction":[{"@type":"SearchAction","target":{"@type":"EntryPoint","urlTemplate":"https:\/\/rapportannuel.tat.gouv.qc.ca\/2018-2019\/?s={search_term_string}"},"query-input":"required name=search_term_string"}],"inLanguage":"fr-FR"},{"@type":"ImageObject","@id":"https:\/\/rapportannuel.tat.gouv.qc.ca\/2018-2019\/declaration-de-fiabilite-des-donnees\/#primaryimage","inLanguage":"fr-FR","url":"https:\/\/rapportannuel.tat.gouv.qc.ca\/2018-2019\/wp-content\/uploads\/sites\/6\/2019\/08\/signaturelucie-e1565899827898.jpg","contentUrl":"https:\/\/rapportannuel.tat.gouv.qc.ca\/2018-2019\/wp-content\/uploads\/sites\/6\/2019\/08\/signaturelucie-e1565899827898.jpg","width":215,"height":69},{"@type":"WebPage","@id":"https:\/\/rapportannuel.tat.gouv.qc.ca\/2018-2019\/declaration-de-fiabilite-des-donnees\/#webpage","url":"https:\/\/rapportannuel.tat.gouv.qc.ca\/2018-2019\/declaration-de-fiabilite-des-donnees\/","name":"D\u00e9claration de fiabilit\u00e9 des donn\u00e9es - TAT - Rapport annuel de gestion 2018-2019","isPartOf":{"@id":"https:\/\/rapportannuel.tat.gouv.qc.ca\/2018-2019\/#website"},"primaryImageOfPage":{"@id":"https:\/\/rapportannuel.tat.gouv.qc.ca\/2018-2019\/declaration-de-fiabilite-des-donnees\/#primaryimage"},"datePublished":"2018-05-16T14:46:23+00:00","dateModified":"2019-09-26T15:05:17+00:00","breadcrumb":{"@id":"https:\/\/rapportannuel.tat.gouv.qc.ca\/2018-2019\/declaration-de-fiabilite-des-donnees\/#breadcrumb"},"inLanguage":"fr-FR","potentialAction":[{"@type":"ReadAction","target":["https:\/\/rapportannuel.tat.gouv.qc.ca\/2018-2019\/declaration-de-fiabilite-des-donnees\/"]}]},{"@type":"BreadcrumbList","@id":"https:\/\/rapportannuel.tat.gouv.qc.ca\/2018-2019\/declaration-de-fiabilite-des-donnees\/#breadcrumb","itemListElement":[{"@type":"ListItem","position":1,"name":"Accueil","item":"https:\/\/rapportannuel.tat.gouv.qc.ca\/2018-2019\/"},{"@type":"ListItem","position":2,"name":"D\u00e9claration de fiabilit\u00e9 des donn\u00e9es"}]}]}},"acf":[],"_links":{"self":[{"href":"https:\/\/rapportannuel.tat.gouv.qc.ca\/2018-2019\/wp-json\/wp\/v2\/pages\/143"}],"collection":[{"href":"https:\/\/rapportannuel.tat.gouv.qc.ca\/2018-2019\/wp-json\/wp\/v2\/pages"}],"about":[{"href":"https:\/\/rapportannuel.tat.gouv.qc.ca\/2018-2019\/wp-json\/wp\/v2\/types\/page"}],"author":[{"embeddable":true,"href":"https:\/\/rapportannuel.tat.gouv.qc.ca\/2018-2019\/wp-json\/wp\/v2\/users\/2"}],"replies":[{"embeddable":true,"href":"https:\/\/rapportannuel.tat.gouv.qc.ca\/2018-2019\/wp-json\/wp\/v2\/comments?post=143"}],"version-history":[{"count":7,"href":"https:\/\/rapportannuel.tat.gouv.qc.ca\/2018-2019\/wp-json\/wp\/v2\/pages\/143\/revisions"}],"predecessor-version":[{"id":853,"href":"https:\/\/rapportannuel.tat.gouv.qc.ca\/2018-2019\/wp-json\/wp\/v2\/pages\/143\/revisions\/853"}],"wp:attachment":[{"href":"https:\/\/rapportannuel.tat.gouv.qc.ca\/2018-2019\/wp-json\/wp\/v2\/media?parent=143"}],"curies":[{"name":"wp","href":"https:\/\/api.w.org\/{rel}","templated":true}]}}