{"id":179,"date":"2018-05-16T14:19:59","date_gmt":"2018-05-16T18:19:59","guid":{"rendered":"http:\/\/tat.lesaintdev.com\/2019-2020\/?page_id=179"},"modified":"2020-10-20T15:50:24","modified_gmt":"2020-10-20T19:50:24","slug":"ressources-humaines","status":"publish","type":"page","link":"https:\/\/rapportannuel.tat.gouv.qc.ca\/2019-2020\/ressources-humaines\/","title":{"rendered":"Ressources humaines"},"content":{"rendered":"<p>L\u2019effectif autoris\u00e9 au Tribunal administratif du travail pour l&rsquo;exercice 2019-2020 \u00e9tait de 523,5 postes \u00e0 temps complet.<\/p>\n<p>Le tableau 1 pr\u00e9sente la r\u00e9partition des postes au sein du Tribunal, par cat\u00e9gorie d\u2019emploi, au 31 mars 2020. Les membres r\u00e9f\u00e8rent aux juges administratifs, tandis que les dirigeants incluent la pr\u00e9sidente et les trois vice-pr\u00e9sidents, lesquels sont \u00e9galement juges administratifs. Ensemble, ils repr\u00e9sentent 157 postes de l\u2019effectif r\u00e9gulier. Ils sont nomm\u00e9s par le Conseil des ministres apr\u00e8s consultation du Comit\u00e9 consultatif du travail et de la main-d\u2019\u0153uvre.<\/p>\n<p>Le groupe des professionnels est compos\u00e9 de 75 conciliateurs et agents de relations du travail, de 17 m\u00e9decins assesseurs, de 16 avocats et de 44 autres professionnels en droit, en communication, en biblioth\u00e9conomie, en gestion documentaire et en gestion des ressources humaines, financi\u00e8res, informationnelles et mat\u00e9rielles.<\/p>\n<p><strong>Tableau 1<\/strong><\/p>\n<h3>R\u00e9partition des postes au sein du Tribunal, par cat\u00e9gorie d&#8217;emploi, au 31 mars 2020<\/h3>\n<table style=\"border-collapse: collapse; width: 100%; height: 181px;\" border=\"1\">\n<tfoot>\n<tr style=\"height: 35px;\">\n<td style=\"width: 7.09318%; height: 35px;\">Total<\/td>\n<td style=\"width: 7.85815%; height: 35px; text-align: center;\">523,5<\/td>\n<\/tr>\n<\/tfoot>\n<thead>\n<tr style=\"height: 34px;\">\n<td style=\"width: 7.09318%; height: 10px;\">Cat\u00e9gories d&#8217;emploi<\/td>\n<td style=\"width: 7.85815%; height: 10px; text-align: center;\">Nombre de postes<\/td>\n<\/tr>\n<\/thead>\n<tbody>\n<tr style=\"height: 34px;\">\n<td style=\"width: 7.09318%; height: 34px;\">Membres et dirigeants<\/td>\n<td style=\"width: 7.85815%; height: 34px; text-align: center;\">157<\/td>\n<\/tr>\n<tr style=\"height: 34px;\">\n<td style=\"width: 7.09318%; height: 34px;\">Personnel d&rsquo;encadrement<\/td>\n<td style=\"width: 7.85815%; height: 34px; text-align: center;\">14<\/td>\n<\/tr>\n<tr style=\"height: 34px;\">\n<td style=\"width: 7.09318%; height: 34px;\">Professionnels<\/td>\n<td style=\"width: 7.85815%; height: 34px; text-align: center;\">152<\/td>\n<\/tr>\n<tr style=\"height: 34px;\">\n<td style=\"width: 7.09318%; height: 34px;\">Personnel technique, de bureau et ouvrier<\/td>\n<td style=\"width: 7.85815%; height: 34px; text-align: center;\">200,5<\/td>\n<\/tr>\n<\/tbody>\n<\/table>\n<p>Le tableau 2 pr\u00e9sente l&rsquo;effectif en poste par secteur d&rsquo;activit\u00e9, soit le nombre de personnes qui occupent un poste r\u00e9gulier ou occasionnel, \u00e0 l&rsquo;exception des \u00e9tudiants et des stagiaires.<\/p>\n<p><strong>Tableau 2<\/strong><\/p>\n<h3><strong>Effectif en poste par secteur d&rsquo;activit\u00e9 au 31 mars 2020<\/strong><\/h3>\n<table style=\"border-collapse: collapse; width: 100%; height: 158px;\" border=\"1\">\n<tfoot>\n<tr style=\"height: 23px;\">\n<td style=\"width: 54.6281%; height: 23px;\">Total<\/td>\n<td style=\"width: 45.3719%; text-align: center; height: 23px;\">517<\/td>\n<\/tr>\n<\/tfoot>\n<thead>\n<tr style=\"height: 23px;\">\n<td style=\"width: 54.6281%; height: 23px;\">Secteurs d&rsquo;activit\u00e9<\/td>\n<td style=\"width: 45.3719%; text-align: center; height: 23px;\">Effectif en poste<\/td>\n<\/tr>\n<\/thead>\n<tbody>\n<tr style=\"height: 23px;\">\n<td style=\"width: 54.6281%; height: 23px;\">Administration<\/td>\n<td style=\"width: 45.3719%; text-align: center; height: 23px;\">76<\/td>\n<\/tr>\n<tr style=\"height: 23px;\">\n<td style=\"width: 54.6281%; height: 23px;\">Division de la sant\u00e9 et de la s\u00e9curit\u00e9 du travail<\/td>\n<td style=\"width: 45.3719%; text-align: center; height: 23px;\">304<\/td>\n<\/tr>\n<tr style=\"height: 43px;\">\n<td style=\"width: 54.6281%; height: 43px;\">Divisions des relations du travail, des services essentiels, et de la construction et de la qualification professionnelle<\/td>\n<td style=\"width: 45.3719%; text-align: center; height: 43px;\">109<\/td>\n<\/tr>\n<tr style=\"height: 23px;\">\n<td style=\"width: 54.6281%; height: 23px;\">Vice-pr\u00e9sidence de la qualit\u00e9 et de la coh\u00e9rence<\/td>\n<td style=\"width: 45.3719%; text-align: center; height: 23px;\">28<\/td>\n<\/tr>\n<\/tbody>\n<\/table>\n<p>Le tableau 3 porte sur le total des heures r\u00e9mun\u00e9r\u00e9es par secteur d&rsquo;activit\u00e9 pour le personnel r\u00e9gulier et le personnel occasionnel, \u00e0 l&rsquo;exception des \u00e9tudiants et des stagiaires. Le total inclut les heures r\u00e9guli\u00e8res et les heures suppl\u00e9mentaires.<\/p>\n<p>Quant au total en \u00e9quivalents temps complet (ETC) transpos\u00e9s, il s&rsquo;agit du nombre total d&rsquo;heures r\u00e9mun\u00e9r\u00e9es converti en ETC. Un employ\u00e9 \u00e0 35 heures par semaine, soit 1 826,3 heures par ann\u00e9e, \u00e9quivaut \u00e0 1 ETC.<\/p>\n<p><strong>Tableau 3<\/strong><\/p>\n<h3><strong>Heures r\u00e9mun\u00e9r\u00e9es par secteur d&rsquo;activit\u00e9 en 2019-2020<\/strong><\/h3>\n<table style=\"border-collapse: collapse; width: 100%; height: 248px;\" border=\"1\">\n<tfoot>\n<tr style=\"height: 33px;\">\n<td style=\"width: 50%; height: 33px;\">Total en heures r\u00e9mun\u00e9r\u00e9es<\/td>\n<td style=\"width: 50%; text-align: center; height: 33px;\">933 766 heures<\/td>\n<\/tr>\n<tr style=\"height: 35px;\">\n<td style=\"width: 50%; text-align: left; height: 35px;\">Total en ETC transpos\u00e9s<\/td>\n<td style=\"width: 50%; text-align: center; height: 35px;\">511 ETC<\/td>\n<\/tr>\n<\/tfoot>\n<thead>\n<tr style=\"height: 33px;\">\n<td style=\"width: 50%; height: 33px;\">Secteurs d&rsquo;activit\u00e9<\/td>\n<td style=\"width: 50%; text-align: center; height: 33px;\">Heures r\u00e9mun\u00e9r\u00e9es<\/td>\n<\/tr>\n<\/thead>\n<tbody>\n<tr style=\"height: 33px;\">\n<td style=\"width: 50%; height: 33px;\">Administration<\/td>\n<td style=\"width: 50%; text-align: center; height: 33px;\">140 876<\/td>\n<\/tr>\n<tr style=\"height: 33px;\">\n<td style=\"width: 50%; height: 33px;\">Division de la sant\u00e9 et de la s\u00e9curit\u00e9 du travail<\/td>\n<td style=\"width: 50%; text-align: center; height: 33px;\">544 722<\/td>\n<\/tr>\n<tr style=\"height: 48px;\">\n<td style=\"width: 50%; height: 48px;\">Divisions des relations du travail, des services essentiels, et de la construction et de la qualification professionnelle<\/td>\n<td style=\"width: 50%; text-align: center; height: 48px;\">197 822<\/td>\n<\/tr>\n<tr style=\"height: 33px;\">\n<td style=\"width: 50%; height: 33px;\">Vice-pr\u00e9sidence de la qualit\u00e9 et de la coh\u00e9rence<\/td>\n<td style=\"width: 50%; text-align: center; height: 33px;\">50 346<\/td>\n<\/tr>\n<\/tbody>\n<\/table>\n","protected":false},"excerpt":{"rendered":"<p>L\u2019effectif autoris\u00e9 au Tribunal administratif du travail pour l&rsquo;exercice 2019-2020 \u00e9tait de 523,5 postes \u00e0 temps complet. Le tableau 1 pr\u00e9sente la r\u00e9partition des postes au sein du Tribunal, par cat\u00e9gorie d\u2019emploi, au 31 mars 2020. Les membres r\u00e9f\u00e8rent aux juges administratifs, tandis que les dirigeants incluent la pr\u00e9sidente et les trois vice-pr\u00e9sidents, lesquels sont [&hellip;]<\/p>\n","protected":false},"author":2,"featured_media":0,"parent":0,"menu_order":0,"comment_status":"closed","ping_status":"closed","template":"","meta":{"inline_featured_image":false},"yoast_head":"<!-- This site is optimized with the Yoast SEO plugin v18.3 - https:\/\/yoast.com\/wordpress\/plugins\/seo\/ -->\n<title>Ressources humaines - TAT - Rapport annuel de gestion 2019-2020<\/title>\n<meta name=\"robots\" content=\"index, follow, max-snippet:-1, max-image-preview:large, max-video-preview:-1\" \/>\n<link rel=\"canonical\" href=\"https:\/\/rapportannuel.tat.gouv.qc.ca\/2019-2020\/ressources-humaines\/\" \/>\n<meta property=\"og:locale\" content=\"fr_FR\" \/>\n<meta property=\"og:type\" content=\"article\" \/>\n<meta property=\"og:title\" content=\"Ressources humaines - TAT - Rapport annuel de gestion 2019-2020\" \/>\n<meta property=\"og:description\" content=\"L\u2019effectif autoris\u00e9 au Tribunal administratif du travail pour l&rsquo;exercice 2019-2020 \u00e9tait de 523,5 postes \u00e0 temps complet. Le tableau 1 pr\u00e9sente la r\u00e9partition des postes au sein du Tribunal, par cat\u00e9gorie d\u2019emploi, au 31 mars 2020. Les membres r\u00e9f\u00e8rent aux juges administratifs, tandis que les dirigeants incluent la pr\u00e9sidente et les trois vice-pr\u00e9sidents, lesquels sont [&hellip;]\" \/>\n<meta property=\"og:url\" content=\"https:\/\/rapportannuel.tat.gouv.qc.ca\/2019-2020\/ressources-humaines\/\" \/>\n<meta property=\"og:site_name\" content=\"TAT - Rapport annuel de gestion 2019-2020\" \/>\n<meta property=\"article:modified_time\" content=\"2020-10-20T19:50:24+00:00\" \/>\n<meta name=\"twitter:card\" content=\"summary_large_image\" \/>\n<meta name=\"twitter:label1\" content=\"Dur\u00e9e de lecture estim\u00e9e\" \/>\n\t<meta name=\"twitter:data1\" content=\"2 minutes\" \/>\n<script type=\"application\/ld+json\" class=\"yoast-schema-graph\">{\"@context\":\"https:\/\/schema.org\",\"@graph\":[{\"@type\":\"WebSite\",\"@id\":\"https:\/\/rapportannuel.tat.gouv.qc.ca\/2019-2020\/#website\",\"url\":\"https:\/\/rapportannuel.tat.gouv.qc.ca\/2019-2020\/\",\"name\":\"TAT - Rapport annuel de gestion 2019-2020\",\"description\":\"Rapport annuel de gestion 2019-2020\",\"potentialAction\":[{\"@type\":\"SearchAction\",\"target\":{\"@type\":\"EntryPoint\",\"urlTemplate\":\"https:\/\/rapportannuel.tat.gouv.qc.ca\/2019-2020\/?s={search_term_string}\"},\"query-input\":\"required name=search_term_string\"}],\"inLanguage\":\"fr-FR\"},{\"@type\":\"WebPage\",\"@id\":\"https:\/\/rapportannuel.tat.gouv.qc.ca\/2019-2020\/ressources-humaines\/#webpage\",\"url\":\"https:\/\/rapportannuel.tat.gouv.qc.ca\/2019-2020\/ressources-humaines\/\",\"name\":\"Ressources humaines - TAT - Rapport annuel de gestion 2019-2020\",\"isPartOf\":{\"@id\":\"https:\/\/rapportannuel.tat.gouv.qc.ca\/2019-2020\/#website\"},\"datePublished\":\"2018-05-16T18:19:59+00:00\",\"dateModified\":\"2020-10-20T19:50:24+00:00\",\"breadcrumb\":{\"@id\":\"https:\/\/rapportannuel.tat.gouv.qc.ca\/2019-2020\/ressources-humaines\/#breadcrumb\"},\"inLanguage\":\"fr-FR\",\"potentialAction\":[{\"@type\":\"ReadAction\",\"target\":[\"https:\/\/rapportannuel.tat.gouv.qc.ca\/2019-2020\/ressources-humaines\/\"]}]},{\"@type\":\"BreadcrumbList\",\"@id\":\"https:\/\/rapportannuel.tat.gouv.qc.ca\/2019-2020\/ressources-humaines\/#breadcrumb\",\"itemListElement\":[{\"@type\":\"ListItem\",\"position\":1,\"name\":\"Accueil\",\"item\":\"https:\/\/rapportannuel.tat.gouv.qc.ca\/2019-2020\/\"},{\"@type\":\"ListItem\",\"position\":2,\"name\":\"Ressources humaines\"}]}]}<\/script>\n<!-- \/ Yoast SEO plugin. -->","yoast_head_json":{"title":"Ressources humaines - TAT - Rapport annuel de gestion 2019-2020","robots":{"index":"index","follow":"follow","max-snippet":"max-snippet:-1","max-image-preview":"max-image-preview:large","max-video-preview":"max-video-preview:-1"},"canonical":"https:\/\/rapportannuel.tat.gouv.qc.ca\/2019-2020\/ressources-humaines\/","og_locale":"fr_FR","og_type":"article","og_title":"Ressources humaines - TAT - Rapport annuel de gestion 2019-2020","og_description":"L\u2019effectif autoris\u00e9 au Tribunal administratif du travail pour l&rsquo;exercice 2019-2020 \u00e9tait de 523,5 postes \u00e0 temps complet. Le tableau 1 pr\u00e9sente la r\u00e9partition des postes au sein du Tribunal, par cat\u00e9gorie d\u2019emploi, au 31 mars 2020. Les membres r\u00e9f\u00e8rent aux juges administratifs, tandis que les dirigeants incluent la pr\u00e9sidente et les trois vice-pr\u00e9sidents, lesquels sont [&hellip;]","og_url":"https:\/\/rapportannuel.tat.gouv.qc.ca\/2019-2020\/ressources-humaines\/","og_site_name":"TAT - Rapport annuel de gestion 2019-2020","article_modified_time":"2020-10-20T19:50:24+00:00","twitter_card":"summary_large_image","twitter_misc":{"Dur\u00e9e de lecture estim\u00e9e":"2 minutes"},"schema":{"@context":"https:\/\/schema.org","@graph":[{"@type":"WebSite","@id":"https:\/\/rapportannuel.tat.gouv.qc.ca\/2019-2020\/#website","url":"https:\/\/rapportannuel.tat.gouv.qc.ca\/2019-2020\/","name":"TAT - Rapport annuel de gestion 2019-2020","description":"Rapport annuel de gestion 2019-2020","potentialAction":[{"@type":"SearchAction","target":{"@type":"EntryPoint","urlTemplate":"https:\/\/rapportannuel.tat.gouv.qc.ca\/2019-2020\/?s={search_term_string}"},"query-input":"required name=search_term_string"}],"inLanguage":"fr-FR"},{"@type":"WebPage","@id":"https:\/\/rapportannuel.tat.gouv.qc.ca\/2019-2020\/ressources-humaines\/#webpage","url":"https:\/\/rapportannuel.tat.gouv.qc.ca\/2019-2020\/ressources-humaines\/","name":"Ressources humaines - TAT - Rapport annuel de gestion 2019-2020","isPartOf":{"@id":"https:\/\/rapportannuel.tat.gouv.qc.ca\/2019-2020\/#website"},"datePublished":"2018-05-16T18:19:59+00:00","dateModified":"2020-10-20T19:50:24+00:00","breadcrumb":{"@id":"https:\/\/rapportannuel.tat.gouv.qc.ca\/2019-2020\/ressources-humaines\/#breadcrumb"},"inLanguage":"fr-FR","potentialAction":[{"@type":"ReadAction","target":["https:\/\/rapportannuel.tat.gouv.qc.ca\/2019-2020\/ressources-humaines\/"]}]},{"@type":"BreadcrumbList","@id":"https:\/\/rapportannuel.tat.gouv.qc.ca\/2019-2020\/ressources-humaines\/#breadcrumb","itemListElement":[{"@type":"ListItem","position":1,"name":"Accueil","item":"https:\/\/rapportannuel.tat.gouv.qc.ca\/2019-2020\/"},{"@type":"ListItem","position":2,"name":"Ressources humaines"}]}]}},"acf":[],"_links":{"self":[{"href":"https:\/\/rapportannuel.tat.gouv.qc.ca\/2019-2020\/wp-json\/wp\/v2\/pages\/179"}],"collection":[{"href":"https:\/\/rapportannuel.tat.gouv.qc.ca\/2019-2020\/wp-json\/wp\/v2\/pages"}],"about":[{"href":"https:\/\/rapportannuel.tat.gouv.qc.ca\/2019-2020\/wp-json\/wp\/v2\/types\/page"}],"author":[{"embeddable":true,"href":"https:\/\/rapportannuel.tat.gouv.qc.ca\/2019-2020\/wp-json\/wp\/v2\/users\/2"}],"replies":[{"embeddable":true,"href":"https:\/\/rapportannuel.tat.gouv.qc.ca\/2019-2020\/wp-json\/wp\/v2\/comments?post=179"}],"version-history":[{"count":48,"href":"https:\/\/rapportannuel.tat.gouv.qc.ca\/2019-2020\/wp-json\/wp\/v2\/pages\/179\/revisions"}],"predecessor-version":[{"id":1332,"href":"https:\/\/rapportannuel.tat.gouv.qc.ca\/2019-2020\/wp-json\/wp\/v2\/pages\/179\/revisions\/1332"}],"wp:attachment":[{"href":"https:\/\/rapportannuel.tat.gouv.qc.ca\/2019-2020\/wp-json\/wp\/v2\/media?parent=179"}],"curies":[{"name":"wp","href":"https:\/\/api.w.org\/{rel}","templated":true}]}}